{"id":397,"date":"2012-10-31T17:37:10","date_gmt":"2012-10-31T10:37:10","guid":{"rendered":"http:\/\/logoart.vn\/english\/?page_id=397"},"modified":"2012-10-31T18:08:21","modified_gmt":"2012-10-31T11:08:21","slug":"typography","status":"publish","type":"page","link":"https:\/\/logoart.vn\/english\/typography\/","title":{"rendered":"Typography"},"content":{"rendered":"<p>S\u1eed d\u1ee5ng &lt;div class=&#8221;post-heading&#8221;&gt;\u0110\u00e2y l\u00e0 th\u1ebb&lt;\/div&gt;<\/p>\n<div class=\"post-heading\">\u0110\u00e2y l\u00e0 th\u1ebb<\/div>\n<table width=\"100%\" cellspacing=\"4\" cellpadding=\"4\">\n<tbody>\n<tr>\n<td width=\"50%\"><span style=\"color: #ff0000;\">\u00a0&lt;ul class=&#8221;starlist&#8221;&gt;&lt;\/ul&gt;<\/span><\/p>\n<ul class=\"starlist\">\n<li>This is a sample <strong>starlist<\/strong><\/li>\n<li>Dolor Curabitur Nam Nulla augue id iaculis.<\/li>\n<li>Lorem et nunc congue pede auctor<\/li>\n<li>Nunc cursus sem et pretium.<\/li>\n<\/ul>\n<\/td>\n<td><span style=\"color: #ff0000;\">\u00a0&lt;ul class=&#8221;checklist&#8221;&gt;&lt;\/ul&gt;<\/span><\/p>\n<ul class=\"checklist\">\n<li>This is a sample <strong>checklist<\/strong><\/li>\n<li>Dolor Curabitur Nam Nulla augue id iaculis.<\/li>\n<li>Lorem et nunc congue pede auctor<\/li>\n<li>Nunc cursus sem et pretium.<\/li>\n<\/ul>\n<\/td>\n<\/tr>\n<tr>\n<td width=\"50%\"><span style=\"color: #ff0000;\">\u00a0&lt;ul class=&#8221;orderlist&#8221;&gt;&lt;\/ul&gt;<\/span><\/p>\n<ul class=\"orderlist\">\n<li>This is a sample <strong>orderlist<\/strong><\/li>\n<li>Dolor Curabitur Nam Nulla augue id iaculis.<\/li>\n<li>Lorem et nunc congue pede auctor<\/li>\n<li>Nunc cursus sem et pretium.<\/li>\n<\/ul>\n<\/td>\n<td><span style=\"color: #ff0000;\">\u00a0&lt;ul class=&#8221;arrowlist&#8221;&gt;&lt;\/ul&gt;<\/span><\/p>\n<ul class=\"arrowlist\">\n<li>This is a sample <strong>arrowlist<\/strong><\/li>\n<li>Dolor Curabitur Nam Nulla augue id iaculis.<\/li>\n<li>Lorem et nunc congue pede auctor<\/li>\n<li>Nunc cursus sem et pretium.<\/li>\n<\/ul>\n<\/td>\n<\/tr>\n<\/tbody>\n<\/table>\n<p>error:&lt;p class=&#8221;error&#8221;&gt;&lt;\/p&gt;<\/p>\n<p class=\"error\">This is a sample error message. Use <strong>\u00a0<\/strong><\/p>\n<p class=\"error\"><strong>Your error message goes here!<\/strong><\/p>\n<p>Tips:\u00a0&lt;p\u00a0class=&#8221;tips&#8221;&gt;&lt;\/p&gt;<\/p>\n<p class=\"tips\">This is a sample tips message. Use <strong>\u00a0<\/strong><\/p>\n<p class=\"tips\"><strong>Your tips goes here!<\/strong><\/p>\n<p>.<br \/>\nFeed:\u00a0&lt;p class=&#8221;feed&#8221;&gt;&lt;\/p&gt;<\/p>\n<p class=\"feed\">This is a sample feed message. Use <strong>\u00a0<\/strong><\/p>\n<p class=\"feed\"><strong>Your tips goes here!<\/strong><\/p>\n<p>.<\/p>\n<p>&nbsp;<\/p>\n<p class=\"stickynote\">This is a sample clip note. Use <strong>\u00a0<\/strong>&lt;p class=&#8221;stickynote&#8221;&gt;&lt;\/p&gt;<\/p>\n<p class=\"stickynote\"><strong>Your clip note goes here!<\/strong><\/p>\n<p>to form a clip note!<\/p>\n<p>&nbsp;<\/p>\n<p class=\"download\">This is a sample clip note. Use <strong>\u00a0<\/strong><\/p>\n<p class=\"download\"><strong>Your clip note goes here!<\/strong><\/p>\n<p>to form a clip note!<\/p>\n<p>&nbsp;<\/p>\n<p class=\"blocknumber\"><span class=\"bignumber\">01<\/span>This is a sample block number. Use <strong>\u00a0<\/strong><\/p>\n<p class=\"blocknumber\"><strong><span class=\"bignumber\">01<\/span>Your content goes here!<\/strong><\/p>\n<p>to form a block number!<\/p>\n<p>&nbsp;<\/p>\n<p class=\"blocknumber\"><span class=\"bignumber\">02<\/span>This is a sample block number. Use <strong>\u00a0<\/strong><\/p>\n<p class=\"blocknumber\"><strong><span class=\"bignumber\">02<\/span>Your content goes here!<\/strong><\/p>\n<p>to form a block number!<\/p>\n<p>&nbsp;<\/p>\n<p class=\"blocknumber\"><span class=\"bignumber\">03<\/span>This is a sample block number. Use <strong>\u00a0<\/strong><\/p>\n<p class=\"blocknumber\"><strong><span class=\"bignumber\">03<\/span>Your content goes here!<\/strong><\/p>\n<p>to form a block number!<\/p>\n<p>&nbsp;<\/p>\n<p>Example: class=&#8221;plainrows&#8221;&gt;&#8230;&#8230;&#8230;<\/p>\n<table class=\"plainrows\" summary=\"Plain Rows style\" width=\"100%\" border=\"0\">\n<thead>\n<tr>\n<th scope=\"col\">Table header<\/th>\n<th scope=\"col\">Column header 1<\/th>\n<th scope=\"col\">Column header 2<\/th>\n<th scope=\"col\">Column header 3<\/th>\n<th scope=\"col\">Column header 4<\/th>\n<th scope=\"col\">Column header 5<\/th>\n<\/tr>\n<\/thead>\n<tfoot>\n<tr>\n<th scope=\"row\">Table footer<\/th>\n<td colspan=\"5\">Footer data<\/td>\n<\/tr>\n<\/tfoot>\n<tbody>\n<tr class=\"odd\">\n<th scope=\"row\">Row header 1<\/th>\n<td>Lorem ipsum<\/td>\n<td>Dolor sit amet<\/td>\n<td>Consectetuer adipiscing<\/td>\n<td>Aliquam quis urna<\/td>\n<td>Sed felis<\/td>\n<\/tr>\n<tr>\n<th scope=\"row\">Row header 2<\/th>\n<td>Nullam nec odio<\/td>\n<td>Vivamus turpis metus<\/td>\n<td>Feugiat sit amet<\/td>\n<td>Class aptent<\/td>\n<td>Ad litora torquent<\/td>\n<\/tr>\n<tr class=\"odd\">\n<th scope=\"row\">Row header 3<\/th>\n<td>Pulvinar sed<\/td>\n<td>Tincidunt sit amet<\/td>\n<td>Massa<\/td>\n<td>Dolor sit amet<\/td>\n<td>Consectetuer adipiscing<\/td>\n<\/tr>\n<tr>\n<th scope=\"row\">Row header 4<\/th>\n<td>Vivamus turpis metus<\/td>\n<td>Feugiat sit amet<\/td>\n<td>Class aptent<\/td>\n<td>Ad litora torquent<\/td>\n<td>Nullam nec odio<\/td>\n<\/tr>\n<tr class=\"odd\">\n<th scope=\"row\">Row header 5<\/th>\n<td>Massa<\/td>\n<td>Dolor sit amet<\/td>\n<td>Tincidunt sit amet<\/td>\n<td>Pulvinar sed<\/td>\n<td>Consectetuer adipiscing<\/td>\n<\/tr>\n<\/tbody>\n<\/table>\n<h3><span class=\"prolabel\"><strong>Grey Stripes table style<\/strong><\/span><\/h3>\n<p>Example: class=&#8221;greystripes&#8221;&gt;&#8230;&#8230;&#8230;<\/p>\n<table class=\"greystripes\" summary=\"Grey Stripes style\" width=\"100%\" border=\"0\">\n<thead>\n<tr>\n<th scope=\"col\">Table header<\/th>\n<th scope=\"col\">Column header 1<\/th>\n<th scope=\"col\">Column header 2<\/th>\n<th scope=\"col\">Column header 3<\/th>\n<th scope=\"col\">Column header 4<\/th>\n<th scope=\"col\">Column header 5<\/th>\n<\/tr>\n<\/thead>\n<tfoot>\n<tr>\n<th scope=\"row\">Table footer<\/th>\n<td colspan=\"5\">Footer data<\/td>\n<\/tr>\n<\/tfoot>\n<tbody>\n<tr class=\"odd\">\n<th scope=\"row\">Row header 1<\/th>\n<td>Lorem ipsum<\/td>\n<td>Dolor sit amet<\/td>\n<td>Consectetuer adipiscing<\/td>\n<td>Aliquam quis urna<\/td>\n<td>Sed felis<\/td>\n<\/tr>\n<tr>\n<th scope=\"row\">Row header 2<\/th>\n<td>Nullam nec odio<\/td>\n<td>Vivamus turpis metus<\/td>\n<td>Feugiat sit amet<\/td>\n<td>Class aptent<\/td>\n<td>Ad litora torquent<\/td>\n<\/tr>\n<tr class=\"odd\">\n<th scope=\"row\">Row header 3<\/th>\n<td>Pulvinar sed<\/td>\n<td>Tincidunt sit amet<\/td>\n<td>Massa<\/td>\n<td>Dolor sit amet<\/td>\n<td>Consectetuer adipiscing<\/td>\n<\/tr>\n<tr>\n<th scope=\"row\">Row header 4<\/th>\n<td>Vivamus turpis metus<\/td>\n<td>Feugiat sit amet<\/td>\n<td>Class aptent<\/td>\n<td>Ad litora torquent<\/td>\n<td>Nullam nec odio<\/td>\n<\/tr>\n<tr class=\"odd\">\n<th scope=\"row\">Row header 5<\/th>\n<td>Massa<\/td>\n<td>Dolor sit amet<\/td>\n<td>Tincidunt sit amet<\/td>\n<td>Pulvinar sed<\/td>\n<td>Consectetuer adipiscing<\/td>\n<\/tr>\n<\/tbody>\n<\/table>\n<p>&nbsp;<\/p>\n<p>M\u1ed9t s\u1ed1 button<\/p>\n<p><strong>Button: &lt;a href=&#8221;#&#8221; class=&#8221;button&#8221;&gt;&lt;span&gt;Button 1&lt;\/span&gt;&lt;\/a&gt;<\/strong><\/p>\n<p><a class=\"button\" href=\"#\"><span>Button 1<\/span><\/a><\/p>\n<div class=\"clear\"><\/div>\n<p><span>Button 2:\u00a0<strong>&lt;a href=&#8221;#&#8221; class=&#8221;button2&#8243;&gt;&lt;span&gt;Button 2&lt;\/span&gt;&lt;\/a&gt;<\/strong><\/span><\/p>\n<p><a class=\"button2\" href=\"#\"><span>Button 2<\/span><\/a><\/p>\n","protected":false},"excerpt":{"rendered":"<p>S\u1eed d\u1ee5ng &lt;div class=&#8221;post-heading&#8221;&gt;\u0110\u00e2y l\u00e0 th\u1ebb&lt;\/div&gt; \u0110\u00e2y l\u00e0 th\u1ebb \u00a0&lt;ul class=&#8221;starlist&#8221;&gt;&lt;\/ul&gt; This is a sample starlist Dolor Curabitur Nam Nulla augue id iaculis. Lorem et nunc congue pede auctor Nunc cursus sem et pretium. \u00a0&lt;ul class=&#8221;checklist&#8221;&gt;&lt;\/ul&gt; This is a sample checklist Dolor Curabitur Nam Nulla augue id iaculis. Lorem et nunc congue pede auctor Nunc [&hellip;]<\/p>\n","protected":false},"author":1,"featured_media":0,"parent":0,"menu_order":0,"comment_status":"open","ping_status":"open","template":"","meta":{"_links_to":"","_links_to_target":""},"_links":{"self":[{"href":"https:\/\/logoart.vn\/english\/wp-json\/wp\/v2\/pages\/397"}],"collection":[{"href":"https:\/\/logoart.vn\/english\/wp-json\/wp\/v2\/pages"}],"about":[{"href":"https:\/\/logoart.vn\/english\/wp-json\/wp\/v2\/types\/page"}],"author":[{"embeddable":true,"href":"https:\/\/logoart.vn\/english\/wp-json\/wp\/v2\/users\/1"}],"replies":[{"embeddable":true,"href":"https:\/\/logoart.vn\/english\/wp-json\/wp\/v2\/comments?post=397"}],"version-history":[{"count":0,"href":"https:\/\/logoart.vn\/english\/wp-json\/wp\/v2\/pages\/397\/revisions"}],"wp:attachment":[{"href":"https:\/\/logoart.vn\/english\/wp-json\/wp\/v2\/media?parent=397"}],"curies":[{"name":"wp","href":"https:\/\/api.w.org\/{rel}","templated":true}]}}